{"id":3382,"date":"2023-09-26T21:14:16","date_gmt":"2023-09-27T02:14:16","guid":{"rendered":"https:\/\/makaludesign.com\/saat\/productos\/sin%20categor\u00eda\/agrocompleto\/"},"modified":"2026-03-23T14:21:38","modified_gmt":"2026-03-23T19:21:38","slug":"antivil","status":"publish","type":"product","link":"https:\/\/makaludesign.com\/novafert\/inductores-de-resistencia-y-bioprotectores\/antivil\/","title":{"rendered":"Antivil"},"content":{"rendered":"<ul>\n<li>AZUFRE ELEMENTAL MICRONIZADO. <\/li>\n<li>SILICIO CON EFECTO PROTECTANTE.<\/li>\n<li>\u00d3XIDO DE ZINC CON EFECTO ANTISEPTICO Y PROTECTANTE.<\/li>\n<li>\u00c1CIDO BENZOICO.<\/li>\n<\/ul>\n","protected":false},"excerpt":{"rendered":"<h3 class=\"categoria\">\u00a1PROTECCI\u00d3N Y NUTRICI\u00d3N VEGETAL!<\/h3>\n<div class=\"recuadro\">\n<h3>Beneficios:<\/h3>\n<\/div>\n<ul>\n<li>Acci\u00f3n Fungicida, Protectante y Nutricional.<\/li>\n<li>Acci\u00f3n comprobada sobre hongos causantes de los Mildeos polvosos u O\u00eddios.<\/li>\n<li>Favorece a la planta frente al ataque de enfermedades, creando una barrera f\u00edsica.<\/li>\n<li>Efecto repelente contra \u00e1caros y ciertos insectos chupadores, incluyendo estados larvales de ciertos trips y escamas.<\/li>\n<li>Efecto como Nutriente al mejorar la eficiencia en la asimilaci\u00f3n del nitr\u00f3geno y la s\u00edntesis de prote\u00ednas.<\/li>\n<\/ul>\n","protected":false},"featured_media":13348,"template":"","meta":{"_acf_changed":false,"inline_featured_image":false,"site-sidebar-layout":"default","site-content-layout":"default","ast-site-content-layout":"default","site-content-style":"default","site-sidebar-style":"default","ast-global-header-display":"","ast-banner-title-visibility":"","ast-main-header-display":"","ast-hfb-above-header-display":"","ast-hfb-below-header-display":"","ast-hfb-mobile-header-display":"","site-post-title":"","ast-breadcrumbs-content":"","ast-featured-img":"","footer-sml-layout":"","ast-disable-related-posts":"","theme-transparent-header-meta":"default","adv-header-id-meta":"10856","stick-header-meta":"default","header-above-stick-meta":"","header-main-stick-meta":"","header-below-stick-meta":"","astra-migrate-meta-layouts":"set","ast-page-background-enabled":"default","ast-page-background-meta":{"desktop":{"background-color":"var(--ast-global-color-4)","background-image":"","background-repeat":"repeat","background-position":"center center","background-size":"auto","background-attachment":"scroll","background-type":"","background-media":"","overlay-type":"","overlay-color":"","overlay-opacity":"","overlay-gradient":""},"tablet":{"background-color":"","background-image":"","background-repeat":"repeat","background-position":"center center","background-size":"auto","background-attachment":"scroll","background-type":"","background-media":"","overlay-type":"","overlay-color":"","overlay-opacity":"","overlay-gradient":""},"mobile":{"background-color":"","background-image":"","background-repeat":"repeat","background-position":"center center","background-size":"auto","background-attachment":"scroll","background-type":"","background-media":"","overlay-type":"","overlay-color":"","overlay-opacity":"","overlay-gradient":""}},"ast-content-background-meta":{"desktop":{"background-color":"var(--ast-global-color-5)","background-image":"","background-repeat":"repeat","background-position":"center center","background-size":"auto","background-attachment":"scroll","background-type":"","background-media":"","overlay-type":"","overlay-color":"","overlay-opacity":"","overlay-gradient":""},"tablet":{"background-color":"var(--ast-global-color-5)","background-image":"","background-repeat":"repeat","background-position":"center center","background-size":"auto","background-attachment":"scroll","background-type":"","background-media":"","overlay-type":"","overlay-color":"","overlay-opacity":"","overlay-gradient":""},"mobile":{"background-color":"var(--ast-global-color-5)","background-image":"","background-repeat":"repeat","background-position":"center center","background-size":"auto","background-attachment":"scroll","background-type":"","background-media":"","overlay-type":"","overlay-color":"","overlay-opacity":"","overlay-gradient":""}},"_joinchat":[]},"product_brand":[],"product_cat":[16],"product_tag":[24,80,141,145],"pais":[65],"class_list":{"0":"post-3382","1":"product","2":"type-product","3":"status-publish","4":"has-post-thumbnail","6":"product_cat-inductores-de-resistencia-y-bioprotectores","7":"product_tag-fungicida","8":"product_tag-nutricion","9":"product_tag-nutricion-vegetal","10":"product_tag-proteccion-vegetal","11":"pais-colombia","12":"desktop-align-center","13":"tablet-align-left","14":"mobile-align-center","15":"ast-product-gallery-layout-horizontal-slider","16":"ast-product-gallery-with-no-image","17":"ast-product-tabs-layout-accordion","19":"first","20":"instock","21":"shipping-taxable","22":"product-type-simple"},"acf":[],"_links":{"self":[{"href":"https:\/\/makaludesign.com\/novafert\/wp-json\/wp\/v2\/product\/3382","targetHints":{"allow":["GET"]}}],"collection":[{"href":"https:\/\/makaludesign.com\/novafert\/wp-json\/wp\/v2\/product"}],"about":[{"href":"https:\/\/makaludesign.com\/novafert\/wp-json\/wp\/v2\/types\/product"}],"wp:featuredmedia":[{"embeddable":true,"href":"https:\/\/makaludesign.com\/novafert\/wp-json\/wp\/v2\/media\/13348"}],"wp:attachment":[{"href":"https:\/\/makaludesign.com\/novafert\/wp-json\/wp\/v2\/media?parent=3382"}],"wp:term":[{"taxonomy":"product_brand","embeddable":true,"href":"https:\/\/makaludesign.com\/novafert\/wp-json\/wp\/v2\/product_brand?post=3382"},{"taxonomy":"product_cat","embeddable":true,"href":"https:\/\/makaludesign.com\/novafert\/wp-json\/wp\/v2\/product_cat?post=3382"},{"taxonomy":"product_tag","embeddable":true,"href":"https:\/\/makaludesign.com\/novafert\/wp-json\/wp\/v2\/product_tag?post=3382"},{"taxonomy":"pais","embeddable":true,"href":"https:\/\/makaludesign.com\/novafert\/wp-json\/wp\/v2\/pais?post=3382"}],"curies":[{"name":"wp","href":"https:\/\/api.w.org\/{rel}","templated":true}]}}