{"id":3377,"date":"2023-09-26T21:14:16","date_gmt":"2023-09-27T02:14:16","guid":{"rendered":"https:\/\/makaludesign.com\/saat\/productos\/sin%20categor\u00eda\/saat-zafiro\/"},"modified":"2026-03-30T21:30:24","modified_gmt":"2026-03-31T02:30:24","slug":"vitofos-b6-retone","status":"publish","type":"product","link":"https:\/\/makaludesign.com\/novafert\/fertirrigantes-hidrosolubles\/vitofos-b6-retone\/","title":{"rendered":"Vitofos B6 Reto\u00f1e"},"content":{"rendered":"<ul>\n<li>ALTO CONTENIDO DE F\u00d3SFORO SOLUBLE PARA APORTE DE ENERG\u00cdA.<\/li>\n<li>AMINO\u00c1CIDOS LIBRES A.A.<\/li>\n<li>\u00c1CIDO GLUT\u00c1MICO.<\/li>\n<li>MICRONUTRIENTES COMPLEJADOS<\/li>\n<li>\u00c1CIDOS ORG\u00c1NICOS.<\/li>\n<li>VITAMINAS Y ANTIOXIDANTES.<\/li>\n<\/ul>\n","protected":false},"excerpt":{"rendered":"<h3 class=\"categoria\">ENERG\u00cdA Y VITALIDAD, \u00a1M\u00c1S DESARROLLO, M\u00c1S PRODUCCI\u00d3N!<\/h3>\n<h3>Beneficios:<\/h3>\n<ul>\n<li>Promueve el desarrollo, crecimiento y formaci\u00f3n de ra\u00edces y nuevos brotes.<\/li>\n<li>Favorece los procesos energ\u00e9ticos y fisiol\u00f3gicos de las plantas.<\/li>\n<li>Recomendable desde las etapas iniciales hasta las etapas de floraci\u00f3n.<\/li>\n<li>Mejora la floraci\u00f3n, el amarre y desarrollo de frutos.<\/li>\n<li>Aumenta la tasa fotosint\u00e9tica, la formaci\u00f3n de prote\u00ednas y mejora la calidad de las cosechas.<\/li>\n<\/ul>\n","protected":false},"featured_media":9675,"template":"","meta":{"_acf_changed":false,"inline_featured_image":false,"site-sidebar-layout":"default","site-content-layout":"default","ast-site-content-layout":"default","site-content-style":"default","site-sidebar-style":"default","ast-global-header-display":"","ast-banner-title-visibility":"","ast-main-header-display":"","ast-hfb-above-header-display":"","ast-hfb-below-header-display":"","ast-hfb-mobile-header-display":"","site-post-title":"","ast-breadcrumbs-content":"","ast-featured-img":"","footer-sml-layout":"","ast-disable-related-posts":"","theme-transparent-header-meta":"default","adv-header-id-meta":"10863","stick-header-meta":"default","header-above-stick-meta":"","header-main-stick-meta":"","header-below-stick-meta":"","astra-migrate-meta-layouts":"set","ast-page-background-enabled":"default","ast-page-background-meta":{"desktop":{"background-color":"var(--ast-global-color-4)","background-image":"","background-repeat":"repeat","background-position":"center center","background-size":"auto","background-attachment":"scroll","background-type":"","background-media":"","overlay-type":"","overlay-color":"","overlay-opacity":"","overlay-gradient":""},"tablet":{"background-color":"","background-image":"","background-repeat":"repeat","background-position":"center center","background-size":"auto","background-attachment":"scroll","background-type":"","background-media":"","overlay-type":"","overlay-color":"","overlay-opacity":"","overlay-gradient":""},"mobile":{"background-color":"","background-image":"","background-repeat":"repeat","background-position":"center center","background-size":"auto","background-attachment":"scroll","background-type":"","background-media":"","overlay-type":"","overlay-color":"","overlay-opacity":"","overlay-gradient":""}},"ast-content-background-meta":{"desktop":{"background-color":"var(--ast-global-color-5)","background-image":"","background-repeat":"repeat","background-position":"center center","background-size":"auto","background-attachment":"scroll","background-type":"","background-media":"","overlay-type":"","overlay-color":"","overlay-opacity":"","overlay-gradient":""},"tablet":{"background-color":"var(--ast-global-color-5)","background-image":"","background-repeat":"repeat","background-position":"center center","background-size":"auto","background-attachment":"scroll","background-type":"","background-media":"","overlay-type":"","overlay-color":"","overlay-opacity":"","overlay-gradient":""},"mobile":{"background-color":"var(--ast-global-color-5)","background-image":"","background-repeat":"repeat","background-position":"center center","background-size":"auto","background-attachment":"scroll","background-type":"","background-media":"","overlay-type":"","overlay-color":"","overlay-opacity":"","overlay-gradient":""}},"_joinchat":[]},"product_brand":[],"product_cat":[20],"product_tag":[154,153],"pais":[],"class_list":{"0":"post-3377","1":"product","2":"type-product","3":"status-publish","4":"has-post-thumbnail","6":"product_cat-fertirrigantes-hidrosolubles","7":"product_tag-desarrollo-de-frutos","8":"product_tag-floracion","9":"desktop-align-center","10":"tablet-align-left","11":"mobile-align-center","12":"ast-product-gallery-layout-horizontal-slider","13":"ast-product-gallery-with-no-image","14":"ast-product-tabs-layout-accordion","16":"first","17":"instock","18":"shipping-taxable","19":"product-type-simple"},"acf":[],"_links":{"self":[{"href":"https:\/\/makaludesign.com\/novafert\/wp-json\/wp\/v2\/product\/3377","targetHints":{"allow":["GET"]}}],"collection":[{"href":"https:\/\/makaludesign.com\/novafert\/wp-json\/wp\/v2\/product"}],"about":[{"href":"https:\/\/makaludesign.com\/novafert\/wp-json\/wp\/v2\/types\/product"}],"wp:featuredmedia":[{"embeddable":true,"href":"https:\/\/makaludesign.com\/novafert\/wp-json\/wp\/v2\/media\/9675"}],"wp:attachment":[{"href":"https:\/\/makaludesign.com\/novafert\/wp-json\/wp\/v2\/media?parent=3377"}],"wp:term":[{"taxonomy":"product_brand","embeddable":true,"href":"https:\/\/makaludesign.com\/novafert\/wp-json\/wp\/v2\/product_brand?post=3377"},{"taxonomy":"product_cat","embeddable":true,"href":"https:\/\/makaludesign.com\/novafert\/wp-json\/wp\/v2\/product_cat?post=3377"},{"taxonomy":"product_tag","embeddable":true,"href":"https:\/\/makaludesign.com\/novafert\/wp-json\/wp\/v2\/product_tag?post=3377"},{"taxonomy":"pais","embeddable":true,"href":"https:\/\/makaludesign.com\/novafert\/wp-json\/wp\/v2\/pais?post=3377"}],"curies":[{"name":"wp","href":"https:\/\/api.w.org\/{rel}","templated":true}]}}