{"id":3372,"date":"2023-09-26T21:14:15","date_gmt":"2023-09-27T02:14:15","guid":{"rendered":"https:\/\/makaludesign.com\/saat\/productos\/sin%20categor\u00eda\/diuron-80-wg\/"},"modified":"2026-03-30T21:32:00","modified_gmt":"2026-03-31T02:32:00","slug":"humito-p200-fertil","status":"publish","type":"product","link":"https:\/\/makaludesign.com\/novafert\/acondicionadores-y-bioregeneradores-de-suelos\/humito-p200-fertil\/","title":{"rendered":"Humito P200 Fertil"},"content":{"rendered":"<ul>\n<li>\u00c1CIDOS HUMICOS Y F\u00daLVICOS EXTRAIDOS Y PURIFICADOS.<\/li>\n<li>SILICIO SOLUBLE EN AGUA.<\/li>\n<li>APORTE DE ELEMENTOS MENORES.<\/li>\n<li>AGENTES DISPERSANTES.<\/li>\n<\/ul>\n","protected":false},"excerpt":{"rendered":"<h3 class=\"categoria\">\u00a1ENMIENDA H\u00daMICA L\u00cdQUIDA! &#8211; MEJORADOR DE LAS PROPIEDADES F\u00cdSICAS, QU\u00cdMICAS Y BIOL\u00d3GICAS DEL SUELO.<\/h3>\n<div class=\"recuadro\">\n<h3>Beneficios:<\/h3>\n<\/div>\n<ul>\n<li>Acondicionador Org\u00e1nico, mejorador de la fertilidad natural de los suelos.<\/li>\n<li>Incrementa la capacidad de Intercambio Cati\u00f3nico de los suelos, mejorando el almacenamiento y absorci\u00f3n de nutrientes.<\/li>\n<li>Promotor de actividad biol\u00f3gica del suelo contribuyendo a la biodiversidad de microorganismos ben\u00e9ficos.<\/li>\n<li>Reduce la toxicidad por salinidad o elementos contaminantes como metales pesados.<\/li>\n<li>Mejora las condiciones f\u00edsicas del suelo, permite la formaci\u00f3n de agregados, reduce la compactaci\u00f3n y mejora la aireaci\u00f3n.<\/li>\n<li>Mejora la retenci\u00f3n de humedad en \u00e9pocas cr\u00edticas de sequ\u00edas.<\/li>\n<\/ul>\n","protected":false},"featured_media":9677,"template":"","meta":{"_acf_changed":false,"inline_featured_image":false,"site-sidebar-layout":"default","site-content-layout":"default","ast-site-content-layout":"default","site-content-style":"default","site-sidebar-style":"default","ast-global-header-display":"","ast-banner-title-visibility":"","ast-main-header-display":"","ast-hfb-above-header-display":"","ast-hfb-below-header-display":"","ast-hfb-mobile-header-display":"","site-post-title":"","ast-breadcrumbs-content":"","ast-featured-img":"","footer-sml-layout":"","ast-disable-related-posts":"","theme-transparent-header-meta":"default","adv-header-id-meta":"10839","stick-header-meta":"default","header-above-stick-meta":"","header-main-stick-meta":"","header-below-stick-meta":"","astra-migrate-meta-layouts":"set","ast-page-background-enabled":"default","ast-page-background-meta":{"desktop":{"background-color":"var(--ast-global-color-4)","background-image":"","background-repeat":"repeat","background-position":"center center","background-size":"auto","background-attachment":"scroll","background-type":"","background-media":"","overlay-type":"","overlay-color":"","overlay-opacity":"","overlay-gradient":""},"tablet":{"background-color":"","background-image":"","background-repeat":"repeat","background-position":"center center","background-size":"auto","background-attachment":"scroll","background-type":"","background-media":"","overlay-type":"","overlay-color":"","overlay-opacity":"","overlay-gradient":""},"mobile":{"background-color":"","background-image":"","background-repeat":"repeat","background-position":"center center","background-size":"auto","background-attachment":"scroll","background-type":"","background-media":"","overlay-type":"","overlay-color":"","overlay-opacity":"","overlay-gradient":""}},"ast-content-background-meta":{"desktop":{"background-color":"var(--ast-global-color-5)","background-image":"","background-repeat":"repeat","background-position":"center center","background-size":"auto","background-attachment":"scroll","background-type":"","background-media":"","overlay-type":"","overlay-color":"","overlay-opacity":"","overlay-gradient":""},"tablet":{"background-color":"var(--ast-global-color-5)","background-image":"","background-repeat":"repeat","background-position":"center center","background-size":"auto","background-attachment":"scroll","background-type":"","background-media":"","overlay-type":"","overlay-color":"","overlay-opacity":"","overlay-gradient":""},"mobile":{"background-color":"var(--ast-global-color-5)","background-image":"","background-repeat":"repeat","background-position":"center center","background-size":"auto","background-attachment":"scroll","background-type":"","background-media":"","overlay-type":"","overlay-color":"","overlay-opacity":"","overlay-gradient":""}},"_joinchat":[]},"product_brand":[],"product_cat":[96],"product_tag":[107,159],"pais":[65],"class_list":{"0":"post-3372","1":"product","2":"type-product","3":"status-publish","4":"has-post-thumbnail","6":"product_cat-acondicionadores-y-bioregeneradores-de-suelos","7":"product_tag-acondicionador-organico","8":"product_tag-enmienda-humica","9":"pais-colombia","10":"desktop-align-center","11":"tablet-align-left","12":"mobile-align-center","13":"ast-product-gallery-layout-horizontal-slider","14":"ast-product-gallery-with-no-image","15":"ast-product-tabs-layout-accordion","17":"first","18":"instock","19":"shipping-taxable","20":"product-type-simple"},"acf":[],"_links":{"self":[{"href":"https:\/\/makaludesign.com\/novafert\/wp-json\/wp\/v2\/product\/3372","targetHints":{"allow":["GET"]}}],"collection":[{"href":"https:\/\/makaludesign.com\/novafert\/wp-json\/wp\/v2\/product"}],"about":[{"href":"https:\/\/makaludesign.com\/novafert\/wp-json\/wp\/v2\/types\/product"}],"wp:featuredmedia":[{"embeddable":true,"href":"https:\/\/makaludesign.com\/novafert\/wp-json\/wp\/v2\/media\/9677"}],"wp:attachment":[{"href":"https:\/\/makaludesign.com\/novafert\/wp-json\/wp\/v2\/media?parent=3372"}],"wp:term":[{"taxonomy":"product_brand","embeddable":true,"href":"https:\/\/makaludesign.com\/novafert\/wp-json\/wp\/v2\/product_brand?post=3372"},{"taxonomy":"product_cat","embeddable":true,"href":"https:\/\/makaludesign.com\/novafert\/wp-json\/wp\/v2\/product_cat?post=3372"},{"taxonomy":"product_tag","embeddable":true,"href":"https:\/\/makaludesign.com\/novafert\/wp-json\/wp\/v2\/product_tag?post=3372"},{"taxonomy":"pais","embeddable":true,"href":"https:\/\/makaludesign.com\/novafert\/wp-json\/wp\/v2\/pais?post=3372"}],"curies":[{"name":"wp","href":"https:\/\/api.w.org\/{rel}","templated":true}]}}