{"id":3352,"date":"2023-09-26T21:14:16","date_gmt":"2023-09-27T02:14:16","guid":{"rendered":"https:\/\/makaludesign.com\/saat\/productos\/sin%20categor\u00eda\/saat-cumbia-75-wp\/"},"modified":"2026-03-23T14:15:10","modified_gmt":"2026-03-23T19:15:10","slug":"crecibor-verdit-zn","status":"publish","type":"product","link":"https:\/\/makaludesign.com\/novafert\/nutricion-vegetal\/crecibor-verdit-zn\/","title":{"rendered":"Crecibor Verdit ZN"},"content":{"rendered":"<ul>\n<li>COMPLEJO QU\u00cdMICO DE MICRONUTRIENTES.<\/li>\n<li>POLISACARIDOS Y ETANOLAMINAS.<\/li>\n<li>\u00c1CIDO B\u00d3RICO COMPLEJADO.<\/li>\n<li>\u00c1CIDO GLUT\u00c1MICO GLU.<\/li>\n<li>VITAMINAS Y ANTIOXIDANTES (\u00c1CIDO FOLICO, \u00c1CIDO ASC\u00d3RBICO).<\/li>\n<li>\u00c1CIDO SALIC\u00cdLICO SAR.<\/li>\n<\/ul>\n","protected":false},"excerpt":{"rendered":"<h3 class=\"categoria\">\u00a1PROMOTOR DEL CRECIMIENTO, GERMINACI\u00d3N, ELONGACI\u00d3N CELULAR Y FRUCTIFICACI\u00d3N!<\/h3>\n<div class=\"recuadro\">\n<h3>Beneficios:<\/h3>\n<\/div>\n<ul>\n<li>Previene malformaci\u00f3n de frutos, tub\u00e9rculos, mejorando su tama\u00f1o.<\/li>\n<li>Estimula el crecimiento, la emisi\u00f3n floral, la fecundaci\u00f3n y la calidad del polen.<\/li>\n<li>Precursor de la s\u00edntesis de fitohormonas de crecimiento.<\/li>\n<li>Prepara la planta para un mejor cuajado de frutos.<\/li>\n<li>Promotor de desarrollo y transporte de fotoasimilados.<\/li>\n<\/ul>\n","protected":false},"featured_media":9641,"template":"","meta":{"_acf_changed":false,"inline_featured_image":false,"site-sidebar-layout":"default","site-content-layout":"default","ast-site-content-layout":"default","site-content-style":"default","site-sidebar-style":"default","ast-global-header-display":"","ast-banner-title-visibility":"","ast-main-header-display":"","ast-hfb-above-header-display":"","ast-hfb-below-header-display":"","ast-hfb-mobile-header-display":"","site-post-title":"","ast-breadcrumbs-content":"","ast-featured-img":"","footer-sml-layout":"","ast-disable-related-posts":"","theme-transparent-header-meta":"default","adv-header-id-meta":"10817","stick-header-meta":"default","header-above-stick-meta":"","header-main-stick-meta":"","header-below-stick-meta":"","astra-migrate-meta-layouts":"set","ast-page-background-enabled":"default","ast-page-background-meta":{"desktop":{"background-color":"var(--ast-global-color-4)","background-image":"","background-repeat":"repeat","background-position":"center center","background-size":"auto","background-attachment":"scroll","background-type":"","background-media":"","overlay-type":"","overlay-color":"","overlay-opacity":"","overlay-gradient":""},"tablet":{"background-color":"","background-image":"","background-repeat":"repeat","background-position":"center center","background-size":"auto","background-attachment":"scroll","background-type":"","background-media":"","overlay-type":"","overlay-color":"","overlay-opacity":"","overlay-gradient":""},"mobile":{"background-color":"","background-image":"","background-repeat":"repeat","background-position":"center center","background-size":"auto","background-attachment":"scroll","background-type":"","background-media":"","overlay-type":"","overlay-color":"","overlay-opacity":"","overlay-gradient":""}},"ast-content-background-meta":{"desktop":{"background-color":"var(--ast-global-color-5)","background-image":"","background-repeat":"repeat","background-position":"center center","background-size":"auto","background-attachment":"scroll","background-type":"","background-media":"","overlay-type":"","overlay-color":"","overlay-opacity":"","overlay-gradient":""},"tablet":{"background-color":"var(--ast-global-color-5)","background-image":"","background-repeat":"repeat","background-position":"center center","background-size":"auto","background-attachment":"scroll","background-type":"","background-media":"","overlay-type":"","overlay-color":"","overlay-opacity":"","overlay-gradient":""},"mobile":{"background-color":"var(--ast-global-color-5)","background-image":"","background-repeat":"repeat","background-position":"center center","background-size":"auto","background-attachment":"scroll","background-type":"","background-media":"","overlay-type":"","overlay-color":"","overlay-opacity":"","overlay-gradient":""}},"_joinchat":[]},"product_brand":[],"product_cat":[18],"product_tag":[141],"pais":[65],"class_list":{"0":"post-3352","1":"product","2":"type-product","3":"status-publish","4":"has-post-thumbnail","6":"product_cat-nutricion-vegetal","7":"product_tag-nutricion-vegetal","8":"pais-colombia","9":"desktop-align-center","10":"tablet-align-left","11":"mobile-align-center","12":"ast-product-gallery-layout-horizontal-slider","13":"ast-product-gallery-with-no-image","14":"ast-product-tabs-layout-accordion","16":"first","17":"instock","18":"featured","19":"shipping-taxable","20":"product-type-simple"},"acf":[],"_links":{"self":[{"href":"https:\/\/makaludesign.com\/novafert\/wp-json\/wp\/v2\/product\/3352","targetHints":{"allow":["GET"]}}],"collection":[{"href":"https:\/\/makaludesign.com\/novafert\/wp-json\/wp\/v2\/product"}],"about":[{"href":"https:\/\/makaludesign.com\/novafert\/wp-json\/wp\/v2\/types\/product"}],"wp:featuredmedia":[{"embeddable":true,"href":"https:\/\/makaludesign.com\/novafert\/wp-json\/wp\/v2\/media\/9641"}],"wp:attachment":[{"href":"https:\/\/makaludesign.com\/novafert\/wp-json\/wp\/v2\/media?parent=3352"}],"wp:term":[{"taxonomy":"product_brand","embeddable":true,"href":"https:\/\/makaludesign.com\/novafert\/wp-json\/wp\/v2\/product_brand?post=3352"},{"taxonomy":"product_cat","embeddable":true,"href":"https:\/\/makaludesign.com\/novafert\/wp-json\/wp\/v2\/product_cat?post=3352"},{"taxonomy":"product_tag","embeddable":true,"href":"https:\/\/makaludesign.com\/novafert\/wp-json\/wp\/v2\/product_tag?post=3352"},{"taxonomy":"pais","embeddable":true,"href":"https:\/\/makaludesign.com\/novafert\/wp-json\/wp\/v2\/pais?post=3352"}],"curies":[{"name":"wp","href":"https:\/\/api.w.org\/{rel}","templated":true}]}}