{"id":13390,"date":"2026-03-20T08:41:55","date_gmt":"2026-03-20T13:41:55","guid":{"rendered":"https:\/\/makaludesign.com\/novafert\/?post_type=product&#038;p=13390"},"modified":"2026-03-23T11:00:27","modified_gmt":"2026-03-23T16:00:27","slug":"cropxal","status":"publish","type":"product","link":"https:\/\/makaludesign.com\/novafert\/nutricion-vegetal\/cropxal\/","title":{"rendered":"Cropxal"},"content":{"rendered":"<ul>\n<li>COMPLEJO QU\u00cdMICO DE MACRONUTRIENTES Y MICRONUTRIENTES.<\/li>\n<li>AMINO\u00c1CIDOS LIBRES A.A.<\/li>\n<li>\u00c1CIDO GLUT\u00c1MICO GLU.<\/li>\n<li>VITAMINAS(\u00c1CIDO F\u00d3LICO) Y ANTI- OXIDANTES (\u00c1CIDO ASC\u00d3RBICO).<\/li>\n<li>\u00c1CIDO SALIC\u00cdLICO SAR.<\/li>\n<li>COMPLEJO HORMONAL: AUXINAS + CITOQUININAS + GIBERELINAS.<\/li>\n<\/ul>\n","protected":false},"excerpt":{"rendered":"<h3 class=\"categoria\">\u00a1INDUCTOR DEL DESARROLLO FORMADOR DE ESTRUCTURAS VEGETATIVAS Y FLORACI\u00d3N!<\/h3>\n<div class=\"recuadro\">\n<h3>Beneficios:<\/h3>\n<\/div>\n<ul>\n<li>Bioestimulante, tonificante y activador de diferentes procesos metab\u00f3licos.<\/li>\n<li>Suministra energ\u00eda de manera r\u00e1pida para la formaci\u00f3n de biomol\u00e9culas (Adenos\u00edn Trifosfato) y la potencializaci\u00f3n del proceso fotosint\u00e9tico.<\/li>\n<li>Mejora la germinaci\u00f3n, el desarrollo radicular y el crecimiento vegetativo.<\/li>\n<li>Activador de la divisi\u00f3n y elongaci\u00f3n celular, estimulando la proliferaci\u00f3n de brotes y botones florales.<\/li>\n<li>Mejorador del equilibrio hormonal de las plantas. Detiene el aborto de flores y estimula la formaci\u00f3n, maduraci\u00f3n y calidad de los frutos.<\/li>\n<\/ul>\n","protected":false},"featured_media":13391,"template":"","meta":{"_acf_changed":false,"inline_featured_image":false,"site-sidebar-layout":"default","site-content-layout":"default","ast-site-content-layout":"default","site-content-style":"default","site-sidebar-style":"default","ast-global-header-display":"","ast-banner-title-visibility":"","ast-main-header-display":"","ast-hfb-above-header-display":"","ast-hfb-below-header-display":"","ast-hfb-mobile-header-display":"","site-post-title":"","ast-breadcrumbs-content":"","ast-featured-img":"","footer-sml-layout":"","ast-disable-related-posts":"","theme-transparent-header-meta":"default","adv-header-id-meta":"10817","stick-header-meta":"default","header-above-stick-meta":"","header-main-stick-meta":"","header-below-stick-meta":"","astra-migrate-meta-layouts":"set","ast-page-background-enabled":"default","ast-page-background-meta":{"desktop":{"background-color":"var(--ast-global-color-4)","background-image":"","background-repeat":"repeat","background-position":"center center","background-size":"auto","background-attachment":"scroll","background-type":"","background-media":"","overlay-type":"","overlay-color":"","overlay-opacity":"","overlay-gradient":""},"tablet":{"background-color":"","background-image":"","background-repeat":"repeat","background-position":"center center","background-size":"auto","background-attachment":"scroll","background-type":"","background-media":"","overlay-type":"","overlay-color":"","overlay-opacity":"","overlay-gradient":""},"mobile":{"background-color":"","background-image":"","background-repeat":"repeat","background-position":"center center","background-size":"auto","background-attachment":"scroll","background-type":"","background-media":"","overlay-type":"","overlay-color":"","overlay-opacity":"","overlay-gradient":""}},"ast-content-background-meta":{"desktop":{"background-color":"var(--ast-global-color-5)","background-image":"","background-repeat":"repeat","background-position":"center center","background-size":"auto","background-attachment":"scroll","background-type":"","background-media":"","overlay-type":"","overlay-color":"","overlay-opacity":"","overlay-gradient":""},"tablet":{"background-color":"var(--ast-global-color-5)","background-image":"","background-repeat":"repeat","background-position":"center center","background-size":"auto","background-attachment":"scroll","background-type":"","background-media":"","overlay-type":"","overlay-color":"","overlay-opacity":"","overlay-gradient":""},"mobile":{"background-color":"var(--ast-global-color-5)","background-image":"","background-repeat":"repeat","background-position":"center center","background-size":"auto","background-attachment":"scroll","background-type":"","background-media":"","overlay-type":"","overlay-color":"","overlay-opacity":"","overlay-gradient":""}},"_joinchat":[]},"product_brand":[],"product_cat":[18],"product_tag":[140,98,101,138,164],"pais":[],"class_list":{"0":"post-13390","1":"product","2":"type-product","3":"status-publish","4":"has-post-thumbnail","6":"product_cat-nutricion-vegetal","7":"product_tag-bioactivador","8":"product_tag-bioestimulante","9":"product_tag-fertilizante","10":"product_tag-inductor","11":"product_tag-tonificante","12":"desktop-align-center","13":"tablet-align-left","14":"mobile-align-center","15":"ast-product-gallery-layout-horizontal-slider","16":"ast-product-gallery-with-no-image","17":"ast-product-tabs-layout-accordion","19":"first","20":"instock","21":"featured","22":"shipping-taxable","23":"product-type-simple"},"acf":[],"_links":{"self":[{"href":"https:\/\/makaludesign.com\/novafert\/wp-json\/wp\/v2\/product\/13390","targetHints":{"allow":["GET"]}}],"collection":[{"href":"https:\/\/makaludesign.com\/novafert\/wp-json\/wp\/v2\/product"}],"about":[{"href":"https:\/\/makaludesign.com\/novafert\/wp-json\/wp\/v2\/types\/product"}],"wp:featuredmedia":[{"embeddable":true,"href":"https:\/\/makaludesign.com\/novafert\/wp-json\/wp\/v2\/media\/13391"}],"wp:attachment":[{"href":"https:\/\/makaludesign.com\/novafert\/wp-json\/wp\/v2\/media?parent=13390"}],"wp:term":[{"taxonomy":"product_brand","embeddable":true,"href":"https:\/\/makaludesign.com\/novafert\/wp-json\/wp\/v2\/product_brand?post=13390"},{"taxonomy":"product_cat","embeddable":true,"href":"https:\/\/makaludesign.com\/novafert\/wp-json\/wp\/v2\/product_cat?post=13390"},{"taxonomy":"product_tag","embeddable":true,"href":"https:\/\/makaludesign.com\/novafert\/wp-json\/wp\/v2\/product_tag?post=13390"},{"taxonomy":"pais","embeddable":true,"href":"https:\/\/makaludesign.com\/novafert\/wp-json\/wp\/v2\/pais?post=13390"}],"curies":[{"name":"wp","href":"https:\/\/api.w.org\/{rel}","templated":true}]}}