{"id":13341,"date":"2026-03-19T13:19:14","date_gmt":"2026-03-19T18:19:14","guid":{"rendered":"https:\/\/makaludesign.com\/novafert\/?post_type=product&#038;p=13341"},"modified":"2026-03-30T21:43:45","modified_gmt":"2026-03-31T02:43:45","slug":"boron-k","status":"publish","type":"product","link":"https:\/\/makaludesign.com\/novafert\/nutricion-edafica\/boron-k\/","title":{"rendered":"Boron K"},"content":{"rendered":"<ul>\n<li>FERTILIZANTE INORG\u00c1NICO EN FORMA DE COMPLEJO.<\/li>\n<li>BORAX PENTAHIDRATADO<\/li>\n<li>POTASIO SOLUBLE PARA MEJORAR MOVILIDAD.<\/li>\n<li>PRESENTACI\u00d3N EN GRANULOS.<\/li>\n<\/ul>\n","protected":false},"excerpt":{"rendered":"<h3 class=\"categoria\">COMPLEJO QU\u00cdMICO DE BORO Y POTASIO.<\/h3>\n<p>Promotor de la germinaci\u00f3n, floraci\u00f3n cuajado, calidad y producci\u00f3n.<\/p>\n<div class=\"recuadro\">\n<h3>Beneficios:<\/h3>\n<\/div>\n<ul>\n<li>Estimula la producci\u00f3n y retenci\u00f3n de las flores.<\/li>\n<li>Mejora la germinaci\u00f3n y elongaci\u00f3n del tubo pol\u00ednico, el desarrollo del fruto y de la semilla.<\/li>\n<li>Aumenta la movilidad de az\u00facares a los sumideros (flores, frutos y ra\u00edces).<\/li>\n<li>Promueve el desarrollo y la divisi\u00f3n celular.<\/li>\n<li>Brinda mayor resistencia de las paredes celulares.<\/li>\n<li>Ideal para mezclar con fertilizantes tradicionales granulados NPK.<\/li>\n<\/ul>\n","protected":false},"featured_media":13342,"template":"","meta":{"_acf_changed":false,"inline_featured_image":false,"site-sidebar-layout":"default","site-content-layout":"default","ast-site-content-layout":"default","site-content-style":"default","site-sidebar-style":"default","ast-global-header-display":"","ast-banner-title-visibility":"","ast-main-header-display":"","ast-hfb-above-header-display":"","ast-hfb-below-header-display":"","ast-hfb-mobile-header-display":"","site-post-title":"","ast-breadcrumbs-content":"","ast-featured-img":"","footer-sml-layout":"","ast-disable-related-posts":"","theme-transparent-header-meta":"default","adv-header-id-meta":"10797","stick-header-meta":"default","header-above-stick-meta":"","header-main-stick-meta":"","header-below-stick-meta":"","astra-migrate-meta-layouts":"set","ast-page-background-enabled":"default","ast-page-background-meta":{"desktop":{"background-color":"var(--ast-global-color-4)","background-image":"","background-repeat":"repeat","background-position":"center center","background-size":"auto","background-attachment":"scroll","background-type":"","background-media":"","overlay-type":"","overlay-color":"","overlay-opacity":"","overlay-gradient":""},"tablet":{"background-color":"","background-image":"","background-repeat":"repeat","background-position":"center center","background-size":"auto","background-attachment":"scroll","background-type":"","background-media":"","overlay-type":"","overlay-color":"","overlay-opacity":"","overlay-gradient":""},"mobile":{"background-color":"","background-image":"","background-repeat":"repeat","background-position":"center center","background-size":"auto","background-attachment":"scroll","background-type":"","background-media":"","overlay-type":"","overlay-color":"","overlay-opacity":"","overlay-gradient":""}},"ast-content-background-meta":{"desktop":{"background-color":"var(--ast-global-color-5)","background-image":"","background-repeat":"repeat","background-position":"center center","background-size":"auto","background-attachment":"scroll","background-type":"","background-media":"","overlay-type":"","overlay-color":"","overlay-opacity":"","overlay-gradient":""},"tablet":{"background-color":"var(--ast-global-color-5)","background-image":"","background-repeat":"repeat","background-position":"center center","background-size":"auto","background-attachment":"scroll","background-type":"","background-media":"","overlay-type":"","overlay-color":"","overlay-opacity":"","overlay-gradient":""},"mobile":{"background-color":"var(--ast-global-color-5)","background-image":"","background-repeat":"repeat","background-position":"center center","background-size":"auto","background-attachment":"scroll","background-type":"","background-media":"","overlay-type":"","overlay-color":"","overlay-opacity":"","overlay-gradient":""}},"_joinchat":[]},"product_brand":[],"product_cat":[97],"product_tag":[127,101,128],"pais":[],"class_list":{"0":"post-13341","1":"product","2":"type-product","3":"status-publish","4":"has-post-thumbnail","6":"product_cat-nutricion-edafica","7":"product_tag-boro","8":"product_tag-fertilizante","9":"product_tag-potasio","10":"desktop-align-center","11":"tablet-align-left","12":"mobile-align-center","13":"ast-product-gallery-layout-horizontal-slider","14":"ast-product-gallery-with-no-image","15":"ast-product-tabs-layout-accordion","17":"first","18":"instock","19":"shipping-taxable","20":"product-type-simple"},"acf":[],"_links":{"self":[{"href":"https:\/\/makaludesign.com\/novafert\/wp-json\/wp\/v2\/product\/13341","targetHints":{"allow":["GET"]}}],"collection":[{"href":"https:\/\/makaludesign.com\/novafert\/wp-json\/wp\/v2\/product"}],"about":[{"href":"https:\/\/makaludesign.com\/novafert\/wp-json\/wp\/v2\/types\/product"}],"wp:featuredmedia":[{"embeddable":true,"href":"https:\/\/makaludesign.com\/novafert\/wp-json\/wp\/v2\/media\/13342"}],"wp:attachment":[{"href":"https:\/\/makaludesign.com\/novafert\/wp-json\/wp\/v2\/media?parent=13341"}],"wp:term":[{"taxonomy":"product_brand","embeddable":true,"href":"https:\/\/makaludesign.com\/novafert\/wp-json\/wp\/v2\/product_brand?post=13341"},{"taxonomy":"product_cat","embeddable":true,"href":"https:\/\/makaludesign.com\/novafert\/wp-json\/wp\/v2\/product_cat?post=13341"},{"taxonomy":"product_tag","embeddable":true,"href":"https:\/\/makaludesign.com\/novafert\/wp-json\/wp\/v2\/product_tag?post=13341"},{"taxonomy":"pais","embeddable":true,"href":"https:\/\/makaludesign.com\/novafert\/wp-json\/wp\/v2\/pais?post=13341"}],"curies":[{"name":"wp","href":"https:\/\/api.w.org\/{rel}","templated":true}]}}