{"id":13329,"date":"2026-03-19T11:38:21","date_gmt":"2026-03-19T16:38:21","guid":{"rendered":"https:\/\/makaludesign.com\/novafert\/?post_type=product&#038;p=13329"},"modified":"2026-03-30T21:37:55","modified_gmt":"2026-03-31T02:37:55","slug":"nutribyon-c","status":"publish","type":"product","link":"https:\/\/makaludesign.com\/novafert\/acondicionadores-y-bioregeneradores-de-suelos\/nutribyon-c\/","title":{"rendered":"Nutribyon C"},"content":{"rendered":"<ul>\n<li>\u00c1CIDOS ORG\u00c1NICOS DE BAJO PESO MOLECULAR: \u00c1CIDO GLUCONICO, \u00c1CIDO M\u00c1LICO, \u00c1CIDO C\u00cdTRICO, \u00c1CIDO ASC\u00d3RBICO.<\/li>\n<li>PROTEINAS VEGETALES HIDROLIZADAS.<\/li>\n<li>\u00c1CIDOS FULVICOS A.F.<\/li>\n<li>EXTRACTO DE ALGAS MARINAS.<\/li>\n<li>MICROORGANISMO BEN\u00c9FICOS.<\/li>\n<\/ul>\n","protected":false},"excerpt":{"rendered":"<h3 class=\"categoria\">\u00a1BIO-ACTIVADOR RIZOSF\u00c9RICO!. REESTABLECEDOR DE LA FERTILIDAD NATURAL DE LOS SUELOS<\/h3>\n<div class=\"recuadro\">\n<h3>Beneficios:<\/h3>\n<\/div>\n<ul>\n<li>Activador de la Riz\u00f3sfera, incrementa la toma de nutrientes disponibles del suelo.<\/li>\n<li>Promotor de la actividad biol\u00f3gica del suelo, facilita el crecimiento y la proliferaci\u00f3n de microorganismos ben\u00e9ficos.<\/li>\n<li>Estimulante natural de los procesos de enraizamiento, crecimiento, desarrollo vegetativo, floraci\u00f3n y producci\u00f3n de los cultivos.<\/li>\n<li>Mejora la capacidad de respuesta de las plantas frente a condiciones adversas.<\/li>\n<li>Acondicionador Org\u00e1nico l\u00edquido de f\u00e1cil aplicaci\u00f3n y manejo.<\/li>\n<\/ul>\n","protected":false},"featured_media":13331,"template":"","meta":{"_acf_changed":false,"inline_featured_image":false,"site-sidebar-layout":"default","site-content-layout":"default","ast-site-content-layout":"default","site-content-style":"default","site-sidebar-style":"default","ast-global-header-display":"","ast-banner-title-visibility":"","ast-main-header-display":"","ast-hfb-above-header-display":"","ast-hfb-below-header-display":"","ast-hfb-mobile-header-display":"","site-post-title":"","ast-breadcrumbs-content":"","ast-featured-img":"","footer-sml-layout":"","ast-disable-related-posts":"","theme-transparent-header-meta":"default","adv-header-id-meta":"10839","stick-header-meta":"default","header-above-stick-meta":"","header-main-stick-meta":"","header-below-stick-meta":"","astra-migrate-meta-layouts":"set","ast-page-background-enabled":"default","ast-page-background-meta":{"desktop":{"background-color":"var(--ast-global-color-4)","background-image":"","background-repeat":"repeat","background-position":"center center","background-size":"auto","background-attachment":"scroll","background-type":"","background-media":"","overlay-type":"","overlay-color":"","overlay-opacity":"","overlay-gradient":""},"tablet":{"background-color":"","background-image":"","background-repeat":"repeat","background-position":"center center","background-size":"auto","background-attachment":"scroll","background-type":"","background-media":"","overlay-type":"","overlay-color":"","overlay-opacity":"","overlay-gradient":""},"mobile":{"background-color":"","background-image":"","background-repeat":"repeat","background-position":"center center","background-size":"auto","background-attachment":"scroll","background-type":"","background-media":"","overlay-type":"","overlay-color":"","overlay-opacity":"","overlay-gradient":""}},"ast-content-background-meta":{"desktop":{"background-color":"var(--ast-global-color-5)","background-image":"","background-repeat":"repeat","background-position":"center center","background-size":"auto","background-attachment":"scroll","background-type":"","background-media":"","overlay-type":"","overlay-color":"","overlay-opacity":"","overlay-gradient":""},"tablet":{"background-color":"var(--ast-global-color-5)","background-image":"","background-repeat":"repeat","background-position":"center center","background-size":"auto","background-attachment":"scroll","background-type":"","background-media":"","overlay-type":"","overlay-color":"","overlay-opacity":"","overlay-gradient":""},"mobile":{"background-color":"var(--ast-global-color-5)","background-image":"","background-repeat":"repeat","background-position":"center center","background-size":"auto","background-attachment":"scroll","background-type":"","background-media":"","overlay-type":"","overlay-color":"","overlay-opacity":"","overlay-gradient":""}},"_joinchat":[]},"product_brand":[],"product_cat":[96],"product_tag":[107,140,122,106,161,160],"pais":[],"class_list":{"0":"post-13329","1":"product","2":"type-product","3":"status-publish","4":"has-post-thumbnail","6":"product_cat-acondicionadores-y-bioregeneradores-de-suelos","7":"product_tag-acondicionador-organico","8":"product_tag-bioactivador","9":"product_tag-bioactivador-rizosferico","10":"product_tag-enmienda-inorganica","11":"product_tag-estimulante-natural","12":"product_tag-reestablecedor","13":"desktop-align-center","14":"tablet-align-left","15":"mobile-align-center","16":"ast-product-gallery-layout-horizontal-slider","17":"ast-product-gallery-with-no-image","18":"ast-product-tabs-layout-accordion","20":"first","21":"instock","22":"shipping-taxable","23":"product-type-simple"},"acf":[],"_links":{"self":[{"href":"https:\/\/makaludesign.com\/novafert\/wp-json\/wp\/v2\/product\/13329","targetHints":{"allow":["GET"]}}],"collection":[{"href":"https:\/\/makaludesign.com\/novafert\/wp-json\/wp\/v2\/product"}],"about":[{"href":"https:\/\/makaludesign.com\/novafert\/wp-json\/wp\/v2\/types\/product"}],"wp:featuredmedia":[{"embeddable":true,"href":"https:\/\/makaludesign.com\/novafert\/wp-json\/wp\/v2\/media\/13331"}],"wp:attachment":[{"href":"https:\/\/makaludesign.com\/novafert\/wp-json\/wp\/v2\/media?parent=13329"}],"wp:term":[{"taxonomy":"product_brand","embeddable":true,"href":"https:\/\/makaludesign.com\/novafert\/wp-json\/wp\/v2\/product_brand?post=13329"},{"taxonomy":"product_cat","embeddable":true,"href":"https:\/\/makaludesign.com\/novafert\/wp-json\/wp\/v2\/product_cat?post=13329"},{"taxonomy":"product_tag","embeddable":true,"href":"https:\/\/makaludesign.com\/novafert\/wp-json\/wp\/v2\/product_tag?post=13329"},{"taxonomy":"pais","embeddable":true,"href":"https:\/\/makaludesign.com\/novafert\/wp-json\/wp\/v2\/pais?post=13329"}],"curies":[{"name":"wp","href":"https:\/\/api.w.org\/{rel}","templated":true}]}}