{"id":13326,"date":"2026-03-19T11:21:43","date_gmt":"2026-03-19T16:21:43","guid":{"rendered":"https:\/\/makaludesign.com\/novafert\/?post_type=product&#038;p=13326"},"modified":"2026-03-23T14:02:34","modified_gmt":"2026-03-23T19:02:34","slug":"funda-actizinc-1000","status":"publish","type":"product","link":"https:\/\/makaludesign.com\/novafert\/nutricion-vegetal\/funda-actizinc-1000\/","title":{"rendered":"Activzinc 1000"},"content":{"rendered":"<ul>\n<li>COMPLEJO QU\u00cdMICO INORG\u00c1NICO.<\/li>\n<li>ZINC DE ALTA CONCENTRACI\u00d3N Y EFICIENCIA.<\/li>\n<li>\u00c1CIDO GLUT\u00c1MICO Y AMINO\u00c1CIDOS.<\/li>\n<li>\u00c1CIDOS CARBOX\u00cdLICOS<\/li>\n<li>MICROPART\u00cdCULAS ACTIVAS.<\/li>\n<li>AGENTES HUMECTANTES, DISPERSANTES Y ADHERENTES.<\/li>\n<\/ul>\n","protected":false},"excerpt":{"rendered":"<h3 class=\"categoria\">BIO-ACTIVADOR ENZIM\u00c1TICO Y REGULADOR DE CRECIMIENTO.<\/h3>\n<div class=\"recuadro\">\n<h3>Beneficios:<\/h3>\n<\/div>\n<ul>\n<li>Regulador del crecimiento mediante la s\u00edntesis y producci\u00f3n de auxinas.<\/li>\n<li>Promueve el desarrollo de ra\u00edces y plantas sanas.<\/li>\n<li>Mejora la s\u00edntesis de carbohidratos y prote\u00ednas.<\/li>\n<li>Fortalece la resistencia de la planta a enfermedades y estr\u00e9s ambiental.<\/li>\n<li>Promueve la maduraci\u00f3n y la producci\u00f3n de semillas.<\/li>\n<\/ul>\n","protected":false},"featured_media":13327,"template":"","meta":{"_acf_changed":false,"inline_featured_image":false,"site-sidebar-layout":"default","site-content-layout":"default","ast-site-content-layout":"default","site-content-style":"default","site-sidebar-style":"default","ast-global-header-display":"","ast-banner-title-visibility":"","ast-main-header-display":"","ast-hfb-above-header-display":"","ast-hfb-below-header-display":"","ast-hfb-mobile-header-display":"","site-post-title":"","ast-breadcrumbs-content":"","ast-featured-img":"","footer-sml-layout":"","ast-disable-related-posts":"","theme-transparent-header-meta":"default","adv-header-id-meta":"10817","stick-header-meta":"default","header-above-stick-meta":"","header-main-stick-meta":"","header-below-stick-meta":"","astra-migrate-meta-layouts":"set","ast-page-background-enabled":"default","ast-page-background-meta":{"desktop":{"background-color":"var(--ast-global-color-4)","background-image":"","background-repeat":"repeat","background-position":"center center","background-size":"auto","background-attachment":"scroll","background-type":"","background-media":"","overlay-type":"","overlay-color":"","overlay-opacity":"","overlay-gradient":""},"tablet":{"background-color":"","background-image":"","background-repeat":"repeat","background-position":"center center","background-size":"auto","background-attachment":"scroll","background-type":"","background-media":"","overlay-type":"","overlay-color":"","overlay-opacity":"","overlay-gradient":""},"mobile":{"background-color":"","background-image":"","background-repeat":"repeat","background-position":"center center","background-size":"auto","background-attachment":"scroll","background-type":"","background-media":"","overlay-type":"","overlay-color":"","overlay-opacity":"","overlay-gradient":""}},"ast-content-background-meta":{"desktop":{"background-color":"var(--ast-global-color-5)","background-image":"","background-repeat":"repeat","background-position":"center center","background-size":"auto","background-attachment":"scroll","background-type":"","background-media":"","overlay-type":"","overlay-color":"","overlay-opacity":"","overlay-gradient":""},"tablet":{"background-color":"var(--ast-global-color-5)","background-image":"","background-repeat":"repeat","background-position":"center center","background-size":"auto","background-attachment":"scroll","background-type":"","background-media":"","overlay-type":"","overlay-color":"","overlay-opacity":"","overlay-gradient":""},"mobile":{"background-color":"var(--ast-global-color-5)","background-image":"","background-repeat":"repeat","background-position":"center center","background-size":"auto","background-attachment":"scroll","background-type":"","background-media":"","overlay-type":"","overlay-color":"","overlay-opacity":"","overlay-gradient":""}},"_joinchat":[]},"product_brand":[],"product_cat":[18],"product_tag":[120,119,118,121,117,116],"pais":[],"class_list":{"0":"post-13326","1":"product","2":"type-product","3":"status-publish","4":"has-post-thumbnail","6":"product_cat-nutricion-vegetal","7":"product_tag-agentes-adherentes","8":"product_tag-agentes-dispersantes","9":"product_tag-agentes-humectantes","10":"product_tag-bioactivador-enzimatico","11":"product_tag-desarrollo-de-raices","12":"product_tag-regulador-de-crecimiento","13":"desktop-align-center","14":"tablet-align-left","15":"mobile-align-center","16":"ast-product-gallery-layout-horizontal-slider","17":"ast-product-gallery-with-no-image","18":"ast-product-tabs-layout-accordion","20":"first","21":"instock","22":"featured","23":"shipping-taxable","24":"product-type-simple"},"acf":[],"_links":{"self":[{"href":"https:\/\/makaludesign.com\/novafert\/wp-json\/wp\/v2\/product\/13326","targetHints":{"allow":["GET"]}}],"collection":[{"href":"https:\/\/makaludesign.com\/novafert\/wp-json\/wp\/v2\/product"}],"about":[{"href":"https:\/\/makaludesign.com\/novafert\/wp-json\/wp\/v2\/types\/product"}],"wp:featuredmedia":[{"embeddable":true,"href":"https:\/\/makaludesign.com\/novafert\/wp-json\/wp\/v2\/media\/13327"}],"wp:attachment":[{"href":"https:\/\/makaludesign.com\/novafert\/wp-json\/wp\/v2\/media?parent=13326"}],"wp:term":[{"taxonomy":"product_brand","embeddable":true,"href":"https:\/\/makaludesign.com\/novafert\/wp-json\/wp\/v2\/product_brand?post=13326"},{"taxonomy":"product_cat","embeddable":true,"href":"https:\/\/makaludesign.com\/novafert\/wp-json\/wp\/v2\/product_cat?post=13326"},{"taxonomy":"product_tag","embeddable":true,"href":"https:\/\/makaludesign.com\/novafert\/wp-json\/wp\/v2\/product_tag?post=13326"},{"taxonomy":"pais","embeddable":true,"href":"https:\/\/makaludesign.com\/novafert\/wp-json\/wp\/v2\/pais?post=13326"}],"curies":[{"name":"wp","href":"https:\/\/api.w.org\/{rel}","templated":true}]}}