{"id":13324,"date":"2026-03-19T11:13:35","date_gmt":"2026-03-19T16:13:35","guid":{"rendered":"https:\/\/makaludesign.com\/novafert\/?post_type=product&#038;p=13324"},"modified":"2026-03-23T13:47:15","modified_gmt":"2026-03-23T18:47:15","slug":"chytogem-brasimol","status":"publish","type":"product","link":"https:\/\/makaludesign.com\/novafert\/bioestimulantes-y-reguladores\/chytogem-brasimol\/","title":{"rendered":"Chytogem Brasimol"},"content":{"rendered":"<ul>\n<li>EXTRACTO DE ALGAS MARINAS E.A.M.<\/li>\n<li>\u00c1CIDO INDOL ACETICO AIA.<\/li>\n<li>\u00c1CIDO INDOL BUTIRICO IBA.<\/li>\n<li>AMINO\u00c1CIDOS LIBRES A.A.<\/li>\n<li>CITOQUININAS CIT.<\/li>\n<li>\u00c1CIDOS F\u00daLVICOS.<\/li>\n<\/ul>\n","protected":false},"excerpt":{"rendered":"<h3 class=\"categoria\">FITOREGULADOR Y ESTIMULANTE DE RA\u00cdCES &#8211; ORG\u00c1NICO MINERAL<\/h3>\n<div class=\"recuadro\">\n<h3>Beneficios:<\/h3>\n<\/div>\n<ul>\n<li>Estimula la divisi\u00f3n celular y el desarrollo de ra\u00edces laterales.<\/li>\n<li>Promueve el enraizamiento de esquejes y acodos.<\/li>\n<li>Estimula la divisi\u00f3n del meristemo apical y la elongaci\u00f3n de las ra\u00edces, lo que permite a la planta acceder mejor a los nutrientes del suelo.<\/li>\n<li>Favorece la formaci\u00f3n de ra\u00edces adventicias.<\/li>\n<li>Alta solubilidad, facilita la mezcla y su aplicaci\u00f3n.<\/li>\n<li>Favorece el proceso de germinaci\u00f3n de semillas.<\/li>\n<\/ul>\n","protected":false},"featured_media":13325,"template":"","meta":{"_acf_changed":false,"inline_featured_image":false,"site-sidebar-layout":"default","site-content-layout":"default","ast-site-content-layout":"default","site-content-style":"default","site-sidebar-style":"default","ast-global-header-display":"","ast-banner-title-visibility":"","ast-main-header-display":"","ast-hfb-above-header-display":"","ast-hfb-below-header-display":"","ast-hfb-mobile-header-display":"","site-post-title":"","ast-breadcrumbs-content":"","ast-featured-img":"","footer-sml-layout":"","ast-disable-related-posts":"","theme-transparent-header-meta":"default","adv-header-id-meta":"10849","stick-header-meta":"default","header-above-stick-meta":"","header-main-stick-meta":"","header-below-stick-meta":"","astra-migrate-meta-layouts":"set","ast-page-background-enabled":"default","ast-page-background-meta":{"desktop":{"background-color":"var(--ast-global-color-4)","background-image":"","background-repeat":"repeat","background-position":"center center","background-size":"auto","background-attachment":"scroll","background-type":"","background-media":"","overlay-type":"","overlay-color":"","overlay-opacity":"","overlay-gradient":""},"tablet":{"background-color":"","background-image":"","background-repeat":"repeat","background-position":"center center","background-size":"auto","background-attachment":"scroll","background-type":"","background-media":"","overlay-type":"","overlay-color":"","overlay-opacity":"","overlay-gradient":""},"mobile":{"background-color":"","background-image":"","background-repeat":"repeat","background-position":"center center","background-size":"auto","background-attachment":"scroll","background-type":"","background-media":"","overlay-type":"","overlay-color":"","overlay-opacity":"","overlay-gradient":""}},"ast-content-background-meta":{"desktop":{"background-color":"var(--ast-global-color-5)","background-image":"","background-repeat":"repeat","background-position":"center center","background-size":"auto","background-attachment":"scroll","background-type":"","background-media":"","overlay-type":"","overlay-color":"","overlay-opacity":"","overlay-gradient":""},"tablet":{"background-color":"var(--ast-global-color-5)","background-image":"","background-repeat":"repeat","background-position":"center center","background-size":"auto","background-attachment":"scroll","background-type":"","background-media":"","overlay-type":"","overlay-color":"","overlay-opacity":"","overlay-gradient":""},"mobile":{"background-color":"var(--ast-global-color-5)","background-image":"","background-repeat":"repeat","background-position":"center center","background-size":"auto","background-attachment":"scroll","background-type":"","background-media":"","overlay-type":"","overlay-color":"","overlay-opacity":"","overlay-gradient":""}},"_joinchat":[]},"product_brand":[],"product_cat":[17],"product_tag":[101],"pais":[],"class_list":{"0":"post-13324","1":"product","2":"type-product","3":"status-publish","4":"has-post-thumbnail","6":"product_cat-bioestimulantes-y-reguladores","7":"product_tag-fertilizante","8":"desktop-align-center","9":"tablet-align-left","10":"mobile-align-center","11":"ast-product-gallery-layout-horizontal-slider","12":"ast-product-gallery-with-no-image","13":"ast-product-tabs-layout-accordion","15":"first","16":"instock","17":"shipping-taxable","18":"product-type-simple"},"acf":[],"_links":{"self":[{"href":"https:\/\/makaludesign.com\/novafert\/wp-json\/wp\/v2\/product\/13324","targetHints":{"allow":["GET"]}}],"collection":[{"href":"https:\/\/makaludesign.com\/novafert\/wp-json\/wp\/v2\/product"}],"about":[{"href":"https:\/\/makaludesign.com\/novafert\/wp-json\/wp\/v2\/types\/product"}],"wp:featuredmedia":[{"embeddable":true,"href":"https:\/\/makaludesign.com\/novafert\/wp-json\/wp\/v2\/media\/13325"}],"wp:attachment":[{"href":"https:\/\/makaludesign.com\/novafert\/wp-json\/wp\/v2\/media?parent=13324"}],"wp:term":[{"taxonomy":"product_brand","embeddable":true,"href":"https:\/\/makaludesign.com\/novafert\/wp-json\/wp\/v2\/product_brand?post=13324"},{"taxonomy":"product_cat","embeddable":true,"href":"https:\/\/makaludesign.com\/novafert\/wp-json\/wp\/v2\/product_cat?post=13324"},{"taxonomy":"product_tag","embeddable":true,"href":"https:\/\/makaludesign.com\/novafert\/wp-json\/wp\/v2\/product_tag?post=13324"},{"taxonomy":"pais","embeddable":true,"href":"https:\/\/makaludesign.com\/novafert\/wp-json\/wp\/v2\/pais?post=13324"}],"curies":[{"name":"wp","href":"https:\/\/api.w.org\/{rel}","templated":true}]}}