{"id":3,"date":"2022-10-11T20:55:14","date_gmt":"2022-10-12T01:55:14","guid":{"rendered":"http:\/\/makaludesign.com\/saat\/?page_id=3"},"modified":"2023-11-01T10:03:00","modified_gmt":"2023-11-01T15:03:00","slug":"politica-privacidad","status":"publish","type":"page","link":"https:\/\/makaludesign.com\/novafert\/politica-privacidad\/","title":{"rendered":"Pol\u00edtica de privacidad y tratamiento de datos"},"content":{"rendered":"<p>NOVAFERT SCIENCE JGEH SAS identificada con el NIT. 900.875.438-1 ser\u00e1 responsable del tratamiento y, en tal virtud podr\u00e1 procesar, recolectar, almacenar, usar, suprimir, recaudar, consultar, solicitar, suministrar, computar, confirmar, modificar, emplear, analistas, estudiar, conservar, recibir, actualizar y disponer de los datos que han sido suministrados y que se han incorporado en distintas bases o repositorios electr\u00f3nicos de todo tipo con que cuenta la empresa para las siguientes finalidades: a). Gestionar tramites (solicitudes, quejas y reclamos), b). contactar con migo como titular a trav\u00e9s de medios electr\u00f3nicos como SMS, correos electr\u00f3nicos o Chat para el envi\u00f3 de noticias relacionadas con campa\u00f1as de fidelizaci\u00f3n o mejora de servicio, envi\u00f3 de extractos, estados de cuenta y\/o facturas en relaci\u00f3n con las obligaciones derivadas del acuerdo celebrado entre las dos partes, c). Suministrar la informaci\u00f3n a terceros con los cuales NOVAFERT SCIENCE JGEH SAS tenga relaci\u00f3n contractual y que sea necesario entreg\u00e1rsela para el cumplimiento del objeto contratado. d). Suministrar la informaci\u00f3n a entidades que realicen la gesti\u00f3n de cobro u otras acciones en nombre de NOVAFERT SCIENCE JGEH SAS. Derechos del titular de los datos: 1. Acceder en forma gratuita a los datos proporcionados que hayan sido objeto de tratamiento. 2. Solicitar la actualizaci\u00f3n y rectificaci\u00f3n de la informaci\u00f3n frente a datos parciales, inexactos, incompletos, fraccionados, que induzcan a error o aquellos cuyo tratamiento est\u00e9 prohibido o no haya sido autorizada. 3. Solicitar pruebas de la autorizaci\u00f3n entregada. 4. Presentar ante la superintendencia de industria y comercio quejas (SIC) por infracciones a lo dispuesto en la normatividad vigente. 5. Revocar la autorizaci\u00f3n y\/o solicitar la supresi\u00f3n del dato, a menos que exija un deber legal o contractual que han imperativo conservar la informaci\u00f3n. Estos derechos los podre ejercer a trav\u00e9s de los canales o medios dispuestos por NOVAFERT SCIENCE JGEH SAS para la atenci\u00f3n de requerimientos relacionados con el tratamiento de datos personales y el ejercer los derechos mencionados en esta autorizaci\u00f3n. Por todo lo anterior otorgo mi autorizaci\u00f3n a NOVAFERT SCIENCE JGEH SAS para que trate mi informaci\u00f3n personal de acuerdo con la pol\u00edtica de tratamiento de datos personal dispuesta para la sociedad y la Ley 1581 de 2012, reglamentado por el decreto 1377 de 2013.<\/p>\n","protected":false},"excerpt":{"rendered":"<p>NOVAFERT SCIENCE JGEH SAS identificada con el NIT. 900.875.438-1 ser\u00e1 responsable del tratamiento y, en tal virtud podr\u00e1 procesar, recolectar, almacenar, usar, suprimir, recaudar, consultar, solicitar, suministrar, computar, confirmar, modificar, emplear, analistas, estudiar, conservar, recibir, [&hellip;]<\/p>\n","protected":false},"author":1,"featured_media":0,"parent":0,"menu_order":0,"comment_status":"closed","ping_status":"open","template":"","meta":{"_acf_changed":false,"inline_featured_image":false,"site-sidebar-layout":"default","site-content-layout":"default","ast-site-content-layout":"default","site-content-style":"default","site-sidebar-style":"default","ast-global-header-display":"","ast-banner-title-visibility":"","ast-main-header-display":"","ast-hfb-above-header-display":"","ast-hfb-below-header-display":"","ast-hfb-mobile-header-display":"","site-post-title":"","ast-breadcrumbs-content":"","ast-featured-img":"","footer-sml-layout":"","ast-disable-related-posts":"","theme-transparent-header-meta":"default","adv-header-id-meta":"","stick-header-meta":"default","header-above-stick-meta":"","header-main-stick-meta":"","header-below-stick-meta":"","astra-migrate-meta-layouts":"set","ast-page-background-enabled":"default","ast-page-background-meta":{"desktop":{"background-color":"var(--ast-global-color-4)","background-image":"","background-repeat":"repeat","background-position":"center center","background-size":"auto","background-attachment":"scroll","background-type":"","background-media":"","overlay-type":"","overlay-color":"","overlay-opacity":"","overlay-gradient":""},"tablet":{"background-color":"","background-image":"","background-repeat":"repeat","background-position":"center center","background-size":"auto","background-attachment":"scroll","background-type":"","background-media":"","overlay-type":"","overlay-color":"","overlay-opacity":"","overlay-gradient":""},"mobile":{"background-color":"","background-image":"","background-repeat":"repeat","background-position":"center center","background-size":"auto","background-attachment":"scroll","background-type":"","background-media":"","overlay-type":"","overlay-color":"","overlay-opacity":"","overlay-gradient":""}},"ast-content-background-meta":{"desktop":{"background-color":"var(--ast-global-color-5)","background-image":"","background-repeat":"repeat","background-position":"center center","background-size":"auto","background-attachment":"scroll","background-type":"","background-media":"","overlay-type":"","overlay-color":"","overlay-opacity":"","overlay-gradient":""},"tablet":{"background-color":"var(--ast-global-color-5)","background-image":"","background-repeat":"repeat","background-position":"center center","background-size":"auto","background-attachment":"scroll","background-type":"","background-media":"","overlay-type":"","overlay-color":"","overlay-opacity":"","overlay-gradient":""},"mobile":{"background-color":"var(--ast-global-color-5)","background-image":"","background-repeat":"repeat","background-position":"center center","background-size":"auto","background-attachment":"scroll","background-type":"","background-media":"","overlay-type":"","overlay-color":"","overlay-opacity":"","overlay-gradient":""}},"_joinchat":[],"footnotes":""},"class_list":["post-3","page","type-page","status-publish","hentry"],"acf":[],"_links":{"self":[{"href":"https:\/\/makaludesign.com\/novafert\/wp-json\/wp\/v2\/pages\/3","targetHints":{"allow":["GET"]}}],"collection":[{"href":"https:\/\/makaludesign.com\/novafert\/wp-json\/wp\/v2\/pages"}],"about":[{"href":"https:\/\/makaludesign.com\/novafert\/wp-json\/wp\/v2\/types\/page"}],"author":[{"embeddable":true,"href":"https:\/\/makaludesign.com\/novafert\/wp-json\/wp\/v2\/users\/1"}],"replies":[{"embeddable":true,"href":"https:\/\/makaludesign.com\/novafert\/wp-json\/wp\/v2\/comments?post=3"}],"version-history":[{"count":0,"href":"https:\/\/makaludesign.com\/novafert\/wp-json\/wp\/v2\/pages\/3\/revisions"}],"wp:attachment":[{"href":"https:\/\/makaludesign.com\/novafert\/wp-json\/wp\/v2\/media?parent=3"}],"curies":[{"name":"wp","href":"https:\/\/api.w.org\/{rel}","templated":true}]}}